{"id":1011,"date":"2023-05-20T19:14:12","date_gmt":"2023-05-20T17:14:12","guid":{"rendered":"http:\/\/ahead.astropa.inaf.it\/?page_id=1011"},"modified":"2025-01-08T10:08:41","modified_gmt":"2025-01-08T09:08:41","slug":"tna-status-selected-results","status":"publish","type":"page","link":"http:\/\/ahead.astropa.inaf.it\/index.php\/tna-status-selected-results\/","title":{"rendered":"TNA Status &#038; Selected Results"},"content":{"rendered":"\n<p>At the end of\u00a0 the AHEAD2020 project the\u00a0 TNA experimental facility WP has received 21 proposals. One of them it has been considered unfeasible for technical reason while the other 20 proposals have been approved. In most cases\u00a0 a preparatory visit has also been part of the approved accesses.\u00a0 Access has been granted to 6 of the 9 offered facilities. \u201cIn person\u201d access has usually been preferred, with remote access or in \u201cemergency case\u201d or for specific programs requiring access for very extended period. Among the PIs there are 2 from \u201cmixed\u201d groups inside\/outside AHEAD2020, 2 from a SME (for a total of 5\u00a0 proposals) and 3 from non-EU &amp; associated country. Among the facilities BABE of IOM\/CNR has been asked by 8 proposals for about 60 working days, the CSL Shaker and BBOTOC has been asked by 4 proposals for about 20 working days, the LARIX-A and LARIX-T at UNIFE has been asked by 5 proposals for about 27 working days (incl. prep. visits), the BeaTriX of INAF\/OAB has been asked by 3 proposals for about 60 working days, 48 of which in remote access mode.<\/p>\n<ul>\n<li>TNA accesses to BABE and to CSL Shaker has had major synergies with the technological program (cf. AHEAD2020 JRA task) devoted to the development of sophisticated filters for X-ray detectors (M. Barbera, U. Lo Cicero, L. Sciortino, M. Todaro, E. Puccio, F. D&#8217;Anca, N. Montinaro, S. Varisco, P. T. T\u00f6rm\u00e4, L. Riuttanen, I. Varjos, B. Mikladal, E. Magnano, I. Pis, C. Gollwitzer, E. Handick, M. Krumrey, Cz. Laubis, &#8220;Carbon nanotubes thin filters for x-ray detectors in space&#8221; Proceedings of SPIE &#8211; The International Society for Optical Engineering, 2022, 12181, 121814H). The performed measurements have played a key role in the development of required filters for the ESA Athena X-ray Observatory and for the NASA MUSE space mission for solar coronal physics.\u00a0 Moreover the acquired know-how on the properties of filters for X-ray instrumentation has been capitalized for the realization of a novel measurement system for material analysis (cf\u00a0 AHEAD2020\u00a0 WP15).<\/li>\n<\/ul>\n<p><a href=\"http:\/\/ahead.astropa.inaf.it\/wp-content\/uploads\/2023\/05\/filter_properties.jpg\" data-rel=\"lightbox-image-0\" data-rl_title=\"\" data-rl_caption=\"\" title=\"\"><img loading=\"lazy\" decoding=\"async\" class=\"size-full wp-image-1033 aligncenter\" src=\"http:\/\/ahead.astropa.inaf.it\/wp-content\/uploads\/2023\/05\/filter_properties.jpg\" alt=\"\" width=\"794\" height=\"326\" srcset=\"http:\/\/ahead.astropa.inaf.it\/wp-content\/uploads\/2023\/05\/filter_properties.jpg 794w, http:\/\/ahead.astropa.inaf.it\/wp-content\/uploads\/2023\/05\/filter_properties-300x123.jpg 300w, http:\/\/ahead.astropa.inaf.it\/wp-content\/uploads\/2023\/05\/filter_properties-768x315.jpg 768w\" sizes=\"(max-width: 794px) 100vw, 794px\" \/><\/a><a href=\"http:\/\/ahead.astropa.inaf.it\/wp-content\/uploads\/2023\/05\/Filters_Mounting.jpg\" data-rel=\"lightbox-image-1\" data-rl_title=\"\" data-rl_caption=\"\" title=\"\"><img loading=\"lazy\" decoding=\"async\" class=\"size-full wp-image-1032 aligncenter\" src=\"http:\/\/ahead.astropa.inaf.it\/wp-content\/uploads\/2023\/05\/Filters_Mounting.jpg\" alt=\"\" width=\"397\" height=\"464\" srcset=\"http:\/\/ahead.astropa.inaf.it\/wp-content\/uploads\/2023\/05\/Filters_Mounting.jpg 397w, http:\/\/ahead.astropa.inaf.it\/wp-content\/uploads\/2023\/05\/Filters_Mounting-257x300.jpg 257w\" sizes=\"(max-width: 397px) 100vw, 397px\" \/><\/a><\/p>\n<figure id=\"attachment_1021\" aria-describedby=\"caption-attachment-1021\" style=\"width: 2550px\" class=\"wp-caption aligncenter\"><a href=\"http:\/\/ahead.astropa.inaf.it\/wp-content\/uploads\/2023\/05\/Guest_team_BABE-scaled.jpg\" data-rel=\"lightbox-image-2\" data-rl_title=\"\" data-rl_caption=\"\" title=\"\"><img loading=\"lazy\" decoding=\"async\" class=\"size-full wp-image-1021\" src=\"http:\/\/ahead.astropa.inaf.it\/wp-content\/uploads\/2023\/05\/Guest_team_BABE-scaled.jpg\" alt=\"\" width=\"2560\" height=\"1701\" srcset=\"http:\/\/ahead.astropa.inaf.it\/wp-content\/uploads\/2023\/05\/Guest_team_BABE-scaled.jpg 2560w, http:\/\/ahead.astropa.inaf.it\/wp-content\/uploads\/2023\/05\/Guest_team_BABE-300x199.jpg 300w, http:\/\/ahead.astropa.inaf.it\/wp-content\/uploads\/2023\/05\/Guest_team_BABE-1024x680.jpg 1024w, http:\/\/ahead.astropa.inaf.it\/wp-content\/uploads\/2023\/05\/Guest_team_BABE-768x510.jpg 768w, http:\/\/ahead.astropa.inaf.it\/wp-content\/uploads\/2023\/05\/Guest_team_BABE-1536x1021.jpg 1536w, http:\/\/ahead.astropa.inaf.it\/wp-content\/uploads\/2023\/05\/Guest_team_BABE-2048x1361.jpg 2048w\" sizes=\"(max-width: 2560px) 100vw, 2560px\" \/><\/a><figcaption id=\"caption-attachment-1021\" class=\"wp-caption-text\">A picture showing the guest team lead by P. Thorma during the visit at BABE.<\/figcaption><\/figure>\n<ul>\n<li>TNA accesses to BABE has also permitted:\n<ul>\n<li>The calibration of coating polarizers at key spectral lines to improved the design of a space polarimeter for solar physics (cf. N. Guti\u00e9rrez-Luna, G. Capobianco, A. M. Malvezzi, C. Honrado-Ben\u00edtez, L. Rodr\u00edguez-de Marcos, J. I. Larruquert, A. Giglia, N. Mahne, S. Nannarone, and S. Fineschi, Multilayer beamsplitter polarizers for key UV-FUV spectral lines of solar polarimetry, Optics Express, 30(16), 29735 (2022)<a href=\"http:\/\/ahead.astropa.inaf.it\/wp-content\/uploads\/2023\/05\/Polarizer.jpg\" data-rel=\"lightbox-image-3\" data-rl_title=\"\" data-rl_caption=\"\" title=\"\"><img loading=\"lazy\" decoding=\"async\" class=\"size-full wp-image-1024 alignnone\" src=\"http:\/\/ahead.astropa.inaf.it\/wp-content\/uploads\/2023\/05\/Polarizer.jpg\" alt=\"\" width=\"473\" height=\"665\" srcset=\"http:\/\/ahead.astropa.inaf.it\/wp-content\/uploads\/2023\/05\/Polarizer.jpg 473w, http:\/\/ahead.astropa.inaf.it\/wp-content\/uploads\/2023\/05\/Polarizer-213x300.jpg 213w\" sizes=\"(max-width: 473px) 100vw, 473px\" \/><\/a><\/li>\n<li>\u00a0The characterization of the Surface Photoemission of the Radish Rover to the Moon (S. Kalo, F. Arneodo, L. Manenti, I. Sarnoff, H. Roberts, P. Oikonomou, L. Pasquali, N. Mahne, A. Giglia, S. Nannarone, E. Magnano, S. Nappini, S. Els &#8220;Yield Measurements of the Rashid Lunar Rover Materials at BABE&#8221;, to be submitted). <a href=\"http:\/\/ahead.astropa.inaf.it\/wp-content\/uploads\/2023\/05\/Rashid_Rover.jpg\" data-rel=\"lightbox-image-4\" data-rl_title=\"\" data-rl_caption=\"\" title=\"\"><img loading=\"lazy\" decoding=\"async\" class=\"size-full wp-image-1025 alignnone\" src=\"http:\/\/ahead.astropa.inaf.it\/wp-content\/uploads\/2023\/05\/Rashid_Rover.jpg\" alt=\"\" width=\"560\" height=\"397\" srcset=\"http:\/\/ahead.astropa.inaf.it\/wp-content\/uploads\/2023\/05\/Rashid_Rover.jpg 560w, http:\/\/ahead.astropa.inaf.it\/wp-content\/uploads\/2023\/05\/Rashid_Rover-300x213.jpg 300w\" sizes=\"(max-width: 560px) 100vw, 560px\" \/><\/a><\/li>\n<\/ul>\n<\/li>\n<li>Approved TNA accesses to LARIX has permitted to improve the design of detectors for the hard X-ray bandpass.<\/li>\n<\/ul>\n<p>For the POLTFH Proposal the visitors are from TUM (Munich, GE) and CEA (Paris, FR) . The objective was the characterisation of the POLTFH experiment, path-finder and ground demonstrator for the COMPOL (COMpoton POLarimetry cubesat). The measurement campaign has been devoted to perform energy calibration and derivation of detector response, particularly focused on\u00a0 Compton polarisation efficiency and off-axis response.<\/p>\n<p><a href=\"http:\/\/ahead.astropa.inaf.it\/wp-content\/uploads\/2025\/01\/POLTFH-1.png\" data-rel=\"lightbox-image-5\" data-rl_title=\"\" data-rl_caption=\"\" title=\"\"><img loading=\"lazy\" decoding=\"async\" class=\"alignnone wp-image-1051 size-medium\" src=\"http:\/\/ahead.astropa.inaf.it\/wp-content\/uploads\/2025\/01\/POLTFH-1-300x176.png\" alt=\"\" width=\"300\" height=\"176\" srcset=\"http:\/\/ahead.astropa.inaf.it\/wp-content\/uploads\/2025\/01\/POLTFH-1-300x176.png 300w, http:\/\/ahead.astropa.inaf.it\/wp-content\/uploads\/2025\/01\/POLTFH-1-768x450.png 768w, http:\/\/ahead.astropa.inaf.it\/wp-content\/uploads\/2025\/01\/POLTFH-1.png 890w\" sizes=\"(max-width: 300px) 100vw, 300px\" \/><\/a><a href=\"http:\/\/ahead.astropa.inaf.it\/wp-content\/uploads\/2025\/01\/THOR-2.jpg\" data-rel=\"lightbox-image-6\" data-rl_title=\"\" data-rl_caption=\"\" title=\"\"><img loading=\"lazy\" decoding=\"async\" class=\"size-medium wp-image-1055 alignleft\" src=\"http:\/\/ahead.astropa.inaf.it\/wp-content\/uploads\/2025\/01\/THOR-2-300x181.jpg\" alt=\"\" width=\"300\" height=\"181\" srcset=\"http:\/\/ahead.astropa.inaf.it\/wp-content\/uploads\/2025\/01\/THOR-2-300x181.jpg 300w, http:\/\/ahead.astropa.inaf.it\/wp-content\/uploads\/2025\/01\/THOR-2.jpg 762w\" sizes=\"(max-width: 300px) 100vw, 300px\" \/><\/a><\/p>\n<p>For the THOR proposal the visitors are from the University of Coimbra\/LIP (Coimbra, PT). The objective was to test of one CZT detector composing the THOR experiment, GRB and TGF detector to be put on the Space Rider. The measurements have been focussed on the Spectral response of the detector, from low to high energy (50 keV to 2 MeV), its Compton polarisation efficiency and its Imaging capabilities.<\/p>\n<p><a href=\"http:\/\/ahead.astropa.inaf.it\/wp-content\/uploads\/2025\/01\/THOR-1.png\" data-rel=\"lightbox-image-7\" data-rl_title=\"\" data-rl_caption=\"\" title=\"\"><img loading=\"lazy\" decoding=\"async\" class=\"alignnone wp-image-1054 size-medium\" src=\"http:\/\/ahead.astropa.inaf.it\/wp-content\/uploads\/2025\/01\/THOR-1-300x178.png\" alt=\"\" width=\"300\" height=\"178\" srcset=\"http:\/\/ahead.astropa.inaf.it\/wp-content\/uploads\/2025\/01\/THOR-1-300x178.png 300w, http:\/\/ahead.astropa.inaf.it\/wp-content\/uploads\/2025\/01\/THOR-1-768x456.png 768w, http:\/\/ahead.astropa.inaf.it\/wp-content\/uploads\/2025\/01\/THOR-1.png 822w\" sizes=\"(max-width: 300px) 100vw, 300px\" \/><\/a><a href=\"http:\/\/ahead.astropa.inaf.it\/wp-content\/uploads\/2025\/01\/POLTFH-3.jpg\" data-rel=\"lightbox-image-8\" data-rl_title=\"\" data-rl_caption=\"\" title=\"\"><img loading=\"lazy\" decoding=\"async\" class=\"size-medium wp-image-1053 alignleft\" src=\"http:\/\/ahead.astropa.inaf.it\/wp-content\/uploads\/2025\/01\/POLTFH-3-300x202.jpg\" alt=\"\" width=\"300\" height=\"202\" srcset=\"http:\/\/ahead.astropa.inaf.it\/wp-content\/uploads\/2025\/01\/POLTFH-3-300x202.jpg 300w, http:\/\/ahead.astropa.inaf.it\/wp-content\/uploads\/2025\/01\/POLTFH-3.jpg 736w\" sizes=\"(max-width: 300px) 100vw, 300px\" \/><\/a><\/p>\n<p>\u00a0<\/p>\n<p>For the proposal\u00a0 on &#8220;Novel scintillators light distribution + GRAPE&#8221; the visitors are from the Max Planck Institute (Munich, GE), University of Gen\u00e8ve (CH), University of New Hampshire (US). The objective was to test CeBr3 and GAGG:Ce scintillators coupled to SiPM (developed for POLAR-2), and to test the GRAPE detector. The measurements have focussed on a) the scintillation light distribution in CeBr3 and GAGG:Ce, b) the imaging capabilities and energy resolution of the GAGG:Ce c) the instrument asimmetry, detection efficiency and event reconstruction accuracy of GRAPE.<\/p>\n<p><a href=\"http:\/\/ahead.astropa.inaf.it\/wp-content\/uploads\/2025\/01\/GRAPE-1.jpg\" data-rel=\"lightbox-image-9\" data-rl_title=\"\" data-rl_caption=\"\" title=\"\"><img loading=\"lazy\" decoding=\"async\" class=\"size-full wp-image-1050 alignnone\" src=\"http:\/\/ahead.astropa.inaf.it\/wp-content\/uploads\/2025\/01\/GRAPE-1.jpg\" alt=\"\" width=\"623\" height=\"486\" srcset=\"http:\/\/ahead.astropa.inaf.it\/wp-content\/uploads\/2025\/01\/GRAPE-1.jpg 623w, http:\/\/ahead.astropa.inaf.it\/wp-content\/uploads\/2025\/01\/GRAPE-1-300x234.jpg 300w\" sizes=\"(max-width: 623px) 100vw, 623px\" \/><\/a><\/p>\n<ul>\n<li>AHEAD2020\u00a0 JRA has contributed to the realization of BEaTriX: a facility for X-ray pore optic test that\u00a0 has been part of the TNA offer since June 2023.<\/li>\n<\/ul>\n<p>Three proposals have asked to access BEaTriX , two proposals are lead by G. Vacanti from the COSINE company that is developing the mirror pore optics to be used to build the NewAthena ESA large X-ray mission. Overall the two access granted to G. Vacanti have allowed to perform an estensive test campaign of some of the newly build pore-optics elements that will be used for the NewAthena mirror. The third proposal lead by S. Romaine of the Center for Astrophysics, MA, USA was focussed on an exchange of knowledge between the AHEAD2020 BEaTriX team and the CFA team around the way to build and use a cheaper &#8220;short&#8221; length facility, like BEaTriX, devoted to the test of new technology X-ray mirrors. The final aim of the CFA team is to take advantage of the BEaTriX team to realize a similar, much more affordable, test facility at CFA premises.<\/p>\n<p>\u00a0<\/p>\n<p>\u00a0<\/p>\n<p>\u00a0<\/p>\n\n\n","protected":false},"excerpt":{"rendered":"<p>At the end of\u00a0 the AHEAD2020 project the\u00a0 TNA experimental facility WP has received 21 proposals. One of them it has been considered unfeasible for technical reason while the other 20 proposals have been approved. In most cases\u00a0 a preparatory visit has also been part of the approved accesses.\u00a0 Access has been granted to 6 &#8230; <a title=\"TNA Status &#038; Selected Results\" class=\"read-more\" href=\"http:\/\/ahead.astropa.inaf.it\/index.php\/tna-status-selected-results\/\" aria-label=\"More on TNA Status &#038; Selected Results\">Read more<\/a><\/p>\n","protected":false},"author":7,"featured_media":0,"parent":0,"menu_order":0,"comment_status":"closed","ping_status":"closed","template":"","meta":{"_mi_skip_tracking":false,"footnotes":""},"class_list":["post-1011","page","type-page","status-publish"],"_links":{"self":[{"href":"http:\/\/ahead.astropa.inaf.it\/index.php\/wp-json\/wp\/v2\/pages\/1011"}],"collection":[{"href":"http:\/\/ahead.astropa.inaf.it\/index.php\/wp-json\/wp\/v2\/pages"}],"about":[{"href":"http:\/\/ahead.astropa.inaf.it\/index.php\/wp-json\/wp\/v2\/types\/page"}],"author":[{"embeddable":true,"href":"http:\/\/ahead.astropa.inaf.it\/index.php\/wp-json\/wp\/v2\/users\/7"}],"replies":[{"embeddable":true,"href":"http:\/\/ahead.astropa.inaf.it\/index.php\/wp-json\/wp\/v2\/comments?post=1011"}],"version-history":[{"count":22,"href":"http:\/\/ahead.astropa.inaf.it\/index.php\/wp-json\/wp\/v2\/pages\/1011\/revisions"}],"predecessor-version":[{"id":1056,"href":"http:\/\/ahead.astropa.inaf.it\/index.php\/wp-json\/wp\/v2\/pages\/1011\/revisions\/1056"}],"wp:attachment":[{"href":"http:\/\/ahead.astropa.inaf.it\/index.php\/wp-json\/wp\/v2\/media?parent=1011"}],"curies":[{"name":"wp","href":"https:\/\/api.w.org\/{rel}","templated":true}]}}